{"id":10,"date":"2009-10-10T14:46:32","date_gmt":"2009-10-10T14:46:32","guid":{"rendered":"http:\/\/debattenaachen.wordpress.com\/?page_id=10"},"modified":"2026-01-02T19:08:13","modified_gmt":"2026-01-02T18:08:13","slug":"kontakt","status":"publish","type":"page","link":"https:\/\/www.debatte.rwth-aachen.de\/wordpress\/kontakt\/","title":{"rendered":"Impressum"},"content":{"rendered":"\n<p><!--:de-->Debattierclub Aachen e.V.<br>Registriert unter VR 4519 beim Amtsgericht Aachen<\/p>\n\n\n\n<p><strong><a href=\"https:\/\/www.debatte.rwth-aachen.de\/wordpress\/wp-content\/uploads\/Satzung_2024.pdf\" data-type=\"URL\" data-rich-text-format-boundary=\"true\">Satzung<\/a><\/strong><\/p>\n\n\n\n<p><strong>Email-Kontakt \u00fcber:<\/strong><br><a href=\"mailto:debating@rwth-aachen.de\">debating@rwth-aachen.de<\/a><\/p>\n\n\n\n<p><strong>Vorsitzender:<\/strong><br>Jonathan Krapp<\/p>\n\n\n\n<p><strong>Stellvertreter<\/strong> (alphabetisch)<strong>:<\/strong><br>Jana Bakhtiyari<br>Josef Hoppe<br>Roberto Cadena Vanderlaat<br>Yiyang Qian<\/p>\n\n\n\n<p><strong>Verantwortlich im Sinne des Presserechts:<\/strong><br>Jonathan Krapp<\/p>\n\n\n\n<p><strong>Bank-Verbindung:<\/strong><br>Debattierclub Aachen e.V.<br>IBAN: DE28 4306 0967 4062 7326 00<br>BIC: GENODEM1GLS<\/p>\n\n\n\n<p><strong>Adresse:<\/strong><br>Debattierclub Aachen e.V.<br>c\/o Jonathan Krapp<br>Scheibenstr. 4<br data-rich-text-line-break=\"true\">52070 Aachen<\/p>\n\n\n\n<p>Auf einer Versammlung am 2. April 2008 wurde der \u201eDebattierclub an der RWTH Aachen e.V.\u201c gegr\u00fcndet und der erste Vorstand gew\u00e4hlt. Kurze Zeit sp\u00e4ter wurde er in das Vereinsregister des Amtsgerichts Aachen als gemeinn\u00fctziger Verein eingetragen. Zweck des Vereins ist, wie in der <a href=\"https:\/\/www.debatte.rwth-aachen.de\/wordpress\/wp-content\/uploads\/Satzung_2023.pdf\">Satzung<\/a> festgehalten, die F\u00f6rderung der demokratischen Streitkultur durch das regelm\u00e4\u00dfige Abhalten argumentativer Debatten. Seit dem 25. September 2008 ist der Verein eines von \u00fcber 70 Mitgliedern im \u201eVerband der Debattierclubs an Hochschulen e.V.\u201c (<a href=\"http:\/\/www.vdch.de\/\">www.vdch.de<\/a>).<br><!--:--><\/p>\n","protected":false},"excerpt":{"rendered":"<p>Debattierclub Aachen e.V.Registriert unter VR 4519 beim Amtsgericht Aachen Satzung Email-Kontakt \u00fcber:debating@rwth-aachen.de Vorsitzender:Jonathan Krapp Stellvertreter (alphabetisch):Jana BakhtiyariJosef HoppeRoberto Cadena VanderlaatYiyang Qian Verantwortlich im Sinne des Presserechts:Jonathan Krapp Bank-Verbindung:Debattierclub Aachen e.V.IBAN: DE28 4306 0967 4062 7326 00BIC: GENODEM1GLS Adresse:Debattierclub Aachen e.V.c\/o Jonathan KrappScheibenstr. 452070 Aachen Auf einer Versammlung am 2. April 2008 wurde der \u201eDebattierclub an der RWTH Aachen e.V.\u201c gegr\u00fcndet und der erste Vorstand gew\u00e4hlt. Kurze Zeit sp\u00e4ter wurde er in das Vereinsregister des Amtsgerichts Aachen als gemeinn\u00fctziger Verein eingetragen&#8230;.<\/p>\n<p class=\"read-more\"><a class=\"btn btn-default\" href=\"https:\/\/www.debatte.rwth-aachen.de\/wordpress\/kontakt\/\"> Read More<span class=\"screen-reader-text\">  Read More<\/span><\/a><\/p>\n","protected":false},"author":1,"featured_media":0,"parent":0,"menu_order":4,"comment_status":"closed","ping_status":"closed","template":"","meta":{"footnotes":""},"class_list":["post-10","page","type-page","status-publish","hentry"],"_links":{"self":[{"href":"https:\/\/www.debatte.rwth-aachen.de\/wordpress\/wp-json\/wp\/v2\/pages\/10","targetHints":{"allow":["GET"]}}],"collection":[{"href":"https:\/\/www.debatte.rwth-aachen.de\/wordpress\/wp-json\/wp\/v2\/pages"}],"about":[{"href":"https:\/\/www.debatte.rwth-aachen.de\/wordpress\/wp-json\/wp\/v2\/types\/page"}],"author":[{"embeddable":true,"href":"https:\/\/www.debatte.rwth-aachen.de\/wordpress\/wp-json\/wp\/v2\/users\/1"}],"replies":[{"embeddable":true,"href":"https:\/\/www.debatte.rwth-aachen.de\/wordpress\/wp-json\/wp\/v2\/comments?post=10"}],"version-history":[{"count":58,"href":"https:\/\/www.debatte.rwth-aachen.de\/wordpress\/wp-json\/wp\/v2\/pages\/10\/revisions"}],"predecessor-version":[{"id":1759,"href":"https:\/\/www.debatte.rwth-aachen.de\/wordpress\/wp-json\/wp\/v2\/pages\/10\/revisions\/1759"}],"wp:attachment":[{"href":"https:\/\/www.debatte.rwth-aachen.de\/wordpress\/wp-json\/wp\/v2\/media?parent=10"}],"curies":[{"name":"wp","href":"https:\/\/api.w.org\/{rel}","templated":true}]}}