{"id":1214,"date":"2018-10-01T11:26:07","date_gmt":"2018-10-01T09:26:07","guid":{"rendered":"https:\/\/www.debatte.rwth-aachen.de\/wordpress\/?page_id=1214"},"modified":"2025-01-29T10:22:33","modified_gmt":"2025-01-29T09:22:33","slug":"debatt-2-0","status":"publish","type":"page","link":"https:\/\/www.debatte.rwth-aachen.de\/wordpress\/debatt-2-0\/","title":{"rendered":"Debattieren"},"content":{"rendered":"\n<p><!--:de-->Unter debattieren verstehen wir das Reden \u00fcber ein festes Thema in einem festen Format. Im Kontext von Hochschuldebattieren in Deutschland gibt es dabei zwei Formate (f\u00fcr Details s. <a href=\"https:\/\/www.debatte.rwth-aachen.de\/wordpress\/?page_id=1221\">Regeln<\/a>), welche einige gro\u00dfe Gemeinsamkeiten haben:<\/p>\n\n\n\n<ul class=\"wp-block-list\"><li>Man wird auf seine Seite gelost und vertritt ggf. nicht seine eigene Meinung<\/li><li>Man hat eine feste Redezeit und es gibt keinen Dialog<\/li><li>Man hat 15 min, um sich auf die Debatte vorzubereiten<\/li><li>Es geht darum, eine abstrakte logische Argumentation zu erarbeiten und nicht darum Fakten zu finden <\/li><li>Man wird nach bestimmten Kriterien bewertet, dazu gibt es einen oder mehrere neutrale Juroren<\/li><\/ul>\n\n\n\n<p>Ziel einer Debatte ist die ausf\u00fchrliche, tiefgehende und argumentative Auseinandersetzung mit einem Thema. Als Redner trainiert man dabei Argumentationen zu verstehen und selbst zu finden, sowie diese strukturiert zu pr\u00e4sentieren.<br>\u00dcber die Debatten im Club hinaus gibt es regelm\u00e4\u00dfig Turniere, in denen sich Redner aus verschiedenen Clubs messen. Mehr Informationen zu der nationalen Debattierliga k\u00f6nnt ihr auf der Website des Verbands der Debattierclubs an Hochschulen finden: <a href=\"http:\/\/www.vdch.de\">www.vdch.de<\/a> <\/p>\n","protected":false},"excerpt":{"rendered":"<p>Unter debattieren verstehen wir das Reden \u00fcber ein festes Thema in einem festen Format. Im Kontext von Hochschuldebattieren in Deutschland gibt es dabei zwei Formate (f\u00fcr Details s. Regeln), welche einige gro\u00dfe Gemeinsamkeiten haben: Man wird auf seine Seite gelost und vertritt ggf. nicht seine eigene Meinung Man hat eine feste Redezeit und es gibt keinen Dialog Man hat 15 min, um sich auf die Debatte vorzubereiten Es geht darum, eine abstrakte logische Argumentation zu erarbeiten und nicht darum Fakten&#8230;<\/p>\n<p class=\"read-more\"><a class=\"btn btn-default\" href=\"https:\/\/www.debatte.rwth-aachen.de\/wordpress\/debatt-2-0\/\"> Read More<span class=\"screen-reader-text\">  Read More<\/span><\/a><\/p>\n","protected":false},"author":1,"featured_media":0,"parent":0,"menu_order":0,"comment_status":"closed","ping_status":"closed","template":"","meta":{"footnotes":""},"class_list":["post-1214","page","type-page","status-publish","hentry"],"_links":{"self":[{"href":"https:\/\/www.debatte.rwth-aachen.de\/wordpress\/wp-json\/wp\/v2\/pages\/1214","targetHints":{"allow":["GET"]}}],"collection":[{"href":"https:\/\/www.debatte.rwth-aachen.de\/wordpress\/wp-json\/wp\/v2\/pages"}],"about":[{"href":"https:\/\/www.debatte.rwth-aachen.de\/wordpress\/wp-json\/wp\/v2\/types\/page"}],"author":[{"embeddable":true,"href":"https:\/\/www.debatte.rwth-aachen.de\/wordpress\/wp-json\/wp\/v2\/users\/1"}],"replies":[{"embeddable":true,"href":"https:\/\/www.debatte.rwth-aachen.de\/wordpress\/wp-json\/wp\/v2\/comments?post=1214"}],"version-history":[{"count":11,"href":"https:\/\/www.debatte.rwth-aachen.de\/wordpress\/wp-json\/wp\/v2\/pages\/1214\/revisions"}],"predecessor-version":[{"id":1673,"href":"https:\/\/www.debatte.rwth-aachen.de\/wordpress\/wp-json\/wp\/v2\/pages\/1214\/revisions\/1673"}],"wp:attachment":[{"href":"https:\/\/www.debatte.rwth-aachen.de\/wordpress\/wp-json\/wp\/v2\/media?parent=1214"}],"curies":[{"name":"wp","href":"https:\/\/api.w.org\/{rel}","templated":true}]}}