{"id":1218,"date":"2018-10-01T11:37:04","date_gmt":"2018-10-01T09:37:04","guid":{"rendered":"https:\/\/www.debatte.rwth-aachen.de\/wordpress\/?page_id=1218"},"modified":"2024-07-18T19:41:02","modified_gmt":"2024-07-18T17:41:02","slug":"themen2-0","status":"publish","type":"page","link":"https:\/\/www.debatte.rwth-aachen.de\/wordpress\/debatt-2-0\/themen2-0\/","title":{"rendered":"Themen"},"content":{"rendered":"<p><!--:de--><\/p>\n<p style=\"text-align: left;\"><em>&#8220;Dieses Haus w\u00fcrde\/glaubt&#8221; oder abgek\u00fcrzt &#8220;DHW\/DHG&#8221; sind \u00fcbliche Formulierungen in der Debattierszene und sollen nicht den Ausgang von Debatten innerhalb des Clubs repr\u00e4sentieren, sondern den Ansto\u00df zu einer Debatte liefern.<\/em><\/p>\n<p style=\"text-align: left;\"><strong>Bioethik \/ Bioethics<\/strong><\/p>\n<p>Dieses Haus w\u00fcrde \u00c4rzten erlauben, todkranken Patienten nicht zugelassene Medikamente zu verschreiben.<br \/>\nDieses Haus w\u00fcrde einen freien Markt f\u00fcr Babies einf\u00fchren.<br \/>\nDieses Haus w\u00fcrde Organspenden nur noch an Menschen vergeben, die sich ebenfalls zu einer Organspende bereit erkl\u00e4rt haben.<br \/>\nDieses Haus w\u00fcrde bei allen Menschen mittels eines medizinischen Eingriffes den Sexualtrieb ausschalten.<br \/>\nDieses Haus w\u00fcrde in bev\u00f6lkerungsreichen Regionen das Wasser mit Unfruchtbarkeitsmitteln kontaminieren.<br \/>\nDieses Haus w\u00fcrde Menschen klonen.<br \/>\nDieses Haus w\u00fcrde ausgestorbene Tiere klonen. <em>(z.B. <a href=\"http:\/\/goo.gl\/ytvy6\">Mammuts<\/a>)<\/em><br \/>\nDieses Haus glaubt, dass im Falle einer Zombie-Epidemie Zombies ein Recht auf menschenw\u00fcrdiges Leben in Zombie-Habitaten haben.<\/p>\n<p>This House would criminalize all forms of pre-adult circumcision.<br \/>\nThis House would remove the right to refuse medically necessary treatments.<br \/>\nThis House believes that the state should assist people in committing suicide.<br \/>\nThis House would allow doctors to actively lie to their patients in order to create or augment a placebo effect.<br \/>\nThis house would allow people to sell their organs. \/ This house would legalise the sale of organs.<br \/>\nThis House would allow the creation of donor siblings.<br \/>\nThis House would allow \u201cdesigner babies\u201d.<br \/>\nThis House would remove all legal barriers to the genetic enhancement of humans.<br \/>\nThis House believes that upon death, everyone&#8217;s body should revert to the state for the purpose of organ donations or scientific uses.<\/p>\n<p><strong>Gleichstellung \/ (Anti-)Discrimination<\/strong><\/p>\n<p>Dieses Haus w\u00fcrde die Grimmschen M\u00e4rchen gendergerecht umschreiben.<br \/>\nDieses Haus w\u00fcrde das Betreuungsgeld einf\u00fchren.<br \/>\nDieses Haus w\u00fcrde eine M\u00e4nnerquote in Kinderg\u00e4rten und Grundschulen einf\u00fchren.<br \/>\nDieses Haus w\u00fcrde Reparationsleistungen an Frauen zahlen.<\/p>\n<p>This House would ban advertisements that use gender stereotypes.<br \/>\nThis House would halt development aid to countries that punish homosexuality.<br \/>\nThis House believes that women should have equal rights and equal obligations in the army.<br \/>\nThis House believes that early childhood education in schools should undermine traditional gender roles.<\/p>\n<p><strong>\u00a0<\/strong><\/p>\n<p><strong>Internationale Beziehungen \/ International Relations<\/strong><\/p>\n<p>Dieses Haus w\u00fcrde den Iran angreifen. \/ Dieses Haus w\u00fcrde einen Milit\u00e4rschlag gegen den Iran f\u00fchren.<br \/>\nDieses Haus w\u00fcrde Anschl\u00e4ge auf Atomwissenschaftler im Iran ver\u00fcben.<br \/>\nDieses Haus w\u00fcrde China den Handelskrieg erkl\u00e4ren.<br \/>\nDieses Haus glaubt, die EU ist gro\u00df genug.<br \/>\nDieses Haus w\u00fcrde die europ\u00e4ische Au\u00dfenpolitik an Macchiavelli ausrichten.<br \/>\nDieses Haus w\u00fcrde Volksaufst\u00e4nde in nicht-demokratischen Staaten milit\u00e4risch unterst\u00fctzen.<br \/>\nDieses Haus w\u00fcrde eine Generalamnestie f\u00fcr illegale Migranten in der EU durchf\u00fchren.<br \/>\nDieses Haus w\u00fcrde das Veto-Recht f\u00fcr st\u00e4ndige Mitglieder des UN-Sicherheitsrats abschaffen.<br \/>\nDieses Haus glaubt, \u00c4gypten sollte eine milit\u00e4rische Garantie gegen eine Invasion in Gaza aussprechen.<\/p>\n<p>This House would accept Iran as a nuclear-armed country.<br \/>\nThis House would disband NATO<strong>.<\/strong><br \/>\nThis House believes that Russia was justified in vetoing intervention in Syria.<br \/>\nThis House believes that the UN should accept Palestine as a full member state.<strong><br \/>\n<\/strong>This House believes that the West should promise preferential economic and political cooperation to Arab democracies who adopt secular constitutions.<br \/>\nThis House would not give free things to developing countries.<br \/>\nThis House would allow emergency and humanitarian aid to be distributed through groups linked to terrorism.<br \/>\nThis House would partition Belgium.<br \/>\nThis House would abolish all limits on immigration.<br \/>\nThis House believes that people should have to earn their citizenship.<br \/>\nThis House would dissolve the United Nations.<\/p>\n<p><strong>Kinder \/ Children<\/strong><\/p>\n<p>Dieses Haus glaubt, Eltern sollten ihre Kinder nicht auf Privatschulen schicken.<br \/>\nDieses Haus w\u00fcrde das dreigliedrige Schulsystem zugunsten einer Gemeinschaftsschule bundesweit abschaffen.<br \/>\nDieses Haus w\u00fcrde die Koedukation abschaffen.<br \/>\nDieses Haus w\u00fcrde den Schulunterricht nur noch in englischer Sprache stattfinden lassen.<br \/>\nDieses Haus fordert eine einheitliche Bildungspolitik auf Bundesebene.<br \/>\nDieses Haus w\u00fcrde f\u00fcr Eltern die gleichen Anforderungen einf\u00fchren wie f\u00fcr Adoptiveltern.<br \/>\nDieses Haus w\u00fcrde den Eltern von Schulschw\u00e4nzern das Kindergeld k\u00fcrzen.<br \/>\nDieses Haus w\u00fcrde das Betreuungsgeld einf\u00fchren.<br \/>\nDieses Haus w\u00fcrde den Zugang zu sozialen Netzwerken im Internet erst ab 18 Jahren erlauben.<\/p>\n<p>This House would ban international adoption.<br \/>\nThis House would compel doctors to report all cases of suspected child or spouse abuse to the authorities.<br \/>\nThis House wants a one child policy for the entire world.<\/p>\n<p><strong>Medien, Kunst und Kultur \/ Media, Art and Culture<\/strong><\/p>\n<p>Dieses Haus glaubt, jede Person hat das Recht, Bilder von Kunstwerken oder Auff\u00fchrungen zu machen und diese als eigene Kunstwerke zu ver\u00f6ffentlichen.<br \/>\nDieses Haus w\u00fcrde alle staatlichen Theater und Museen an die private Wirtschaft verkaufen.<br \/>\nDieses Haus w\u00fcrde die Bewahrung des christlich-j\u00fcdischen Kulturerbes in Deutschland zum Staatsziel machen.<br \/>\nDieses Haus w\u00fcrde eine Quote f\u00fcr deutsche Musik einf\u00fchren.<br \/>\nDieses Haus fordert: Keine nackte Haut im deutschen Fernsehen!<br \/>\nDieses Haus glaubt, dass Amokl\u00e4ufer K\u00fcnstler sind.<\/p>\n<p>This house would stop subsidising the arts.<br \/>\nThis house believes that cruelty to animals is acceptable in a work of art.<br \/>\nThis House would prohibit the media from using software to cosmetically improve an individual\u2019s appearance.<br \/>\nThis House believes that stolen cultural artifacts should be returned to their place of origin.<\/p>\n<p><strong>Philosophie und Werte \/ Philosophy and Values<\/strong><\/p>\n<p>Dieses Haus glaubt an den gerechten Krieg.<br \/>\nDieses Haus glaubt, dass eine stabile Diktatur besser ist als eine instabile Demokratie.<br \/>\nDieses Haus w\u00fcrde den Schiffsjungen essen. <em>(<a href=\"http:\/\/en.wikipedia.org\/wiki\/R_v_Dudley_and_Stephens\">The Queen v. Dudley and Stephens<\/a>, Kannibalismus auf See)<\/em><br \/>\nDieses Haus glaubt, dass milit\u00e4rische Mittel zur Durchsetzung wirtschaftlicher Interessen gerechtfertigt sind.<br \/>\nDieses Haus w\u00fcrde die Idee der Einheitlichkeit und Gleichwertigkeit der Lebensverh\u00e4ltnisse in Deutschland aufgeben.<br \/>\nDieses Haus glaubt, fr\u00fcher war alles besser.<br \/>\nDieses Haus w\u00fcrde sich die Karriereleiter hochschlafen.<\/p>\n<p>This House prefers a philosopher king to a tyrannical democracy.<br \/>\nThis House believes that violent civil disobedience is justified to enforce environmental protection.<br \/>\nThis House believes that desecration of religious sites is a legitimate tactic of warfare.<br \/>\nThis House would promote Atheism.<br \/>\nThis House opposes organized religion.<br \/>\nThis House believes that the state should publish deliberate mistruths during times of war.<br \/>\nThis House believes there is nothing wrong with conversion through inducement.<br \/>\nThis House believes that all states have a right to nuclear weapons.<br \/>\nThis House does not support the universal right to procreate.<br \/>\nThis House would allow soldiers to opt out of individual conflicts for personal reasons.<br \/>\nThis House believes that the internet is inherently a force of democracy.<\/p>\n<p><strong>Rechtsprechung \/ Jurisdiction<\/strong><\/p>\n<p>Dieses Haus w\u00fcrde k\u00f6rperliche Schmerzen als Strafe zulassen.<br \/>\nDieses Haus w\u00fcrde das Prinzip der Schuldunf\u00e4higkeit aufgeben.<br \/>\nDieses Haus w\u00fcrde Angeklagten erlauben, zwischen einem Richter und einer Jury zu w\u00e4hlen.<br \/>\nDieses Haus w\u00fcrde bei gewaltlosen Straftaten keine Gef\u00e4ngnisstrafe verh\u00e4ngen.<br \/>\nDieses Haus w\u00fcrde straff\u00e4llig gewordene Ausl\u00e4nder abschieben.<strong><br \/>\n<\/strong>Dieses Haus glaubt, dass Richtern als Strafma\u00df Menschenversuche zur Verf\u00fcgung gestellt werden sollten.<br \/>\nDieses Haus fordert h\u00e4rtere Strafen f\u00fcr vors\u00e4tzlich falsche Berichterstattung.<br \/>\nDieses Haus w\u00fcrde die Folter wieder einf\u00fchren.<br \/>\nDieses Haus w\u00fcrde den Strafvollzug inhumaner machen.<br \/>\nDieses Haus w\u00fcrde den Pranger wieder einf\u00fchren.<br \/>\nDieses Haus w\u00fcrde Duelle erlauben.<\/p>\n<p>This House believes that the Catholic Church should be held liable for the wrongdoings of its priests.<br \/>\nThis House would limit the amount of money corporations are allowed to spend in any one litigation.<br \/>\nThis House would punish crimes of theft inversely proportional to the wealth of the victim.<br \/>\nThis House would make fines relative to wealth.<br \/>\nThis House would create a Supreme Court to protect future generations from current lawmakers.<strong><br \/>\n<\/strong>This House would allow defendants that belong to a minority group to choose to be judged by a jury composed exclusively of other members of their same minority group.<br \/>\nThis House would legally require priests to report all serious crimes that they hear of in confessions.<br \/>\nThis House believes that people sentenced to life imprisonment should be allowed to choose the death penalty instead.<br \/>\nThis House would not use retribution in sentencing convicted criminals.<\/p>\n<p><strong>Staatswesen \/ Political System<\/strong><\/p>\n<p>Dieses Haus glaubt, dass ein Mindestma\u00df an Allgemeinbildung eine notwendige Bedingung f\u00fcr Demokratie ist.<br \/>\nDieses Haus unterst\u00fctzt die Ernennung technokratischer Regierungen in von der Finanzkrise betroffenen L\u00e4ndern der Eurozone.<br \/>\nDieses Haus fordert in Extremsituationen die Diktatur auf Zeit.<br \/>\nDieses Haus w\u00fcrde es dem Staat verbieten, Schulden zu machen.<br \/>\nDieses Haus w\u00fcrde die F\u00fcnf-Prozent-H\u00fcrde abschaffen.<br \/>\nDieses Haus w\u00fcrde eine Wahlpflicht einf\u00fchren.<br \/>\nDieses Haus w\u00fcrde Gesetze nur noch befristet beschlie\u00dfen.<br \/>\nDieses Haus w\u00fcrde Bundestagsabgeordneten verbieten, bezahlte Nebent\u00e4tigkeiten auszu\u00fcben.<br \/>\nDieses Haus w\u00fcrde das Wahlrecht an einen W\u00e4hler-Test koppeln.<br \/>\nDieses Haus glaubt, die Demokratie ist gescheitert.<\/p>\n<p>This House believes that first nations\u2019 peoples who live in geographically distinct areas should be given completely autonomous self-government.<br \/>\nThis House would amend the U.S. constitution to prohibit the involvement of religious groups in the electoral process.<br \/>\nThis House would make votes public.<br \/>\nThis House would introduce a one-term limit for all public offices.<br \/>\nIn cases of persistent tax evasion, this house would revoke an individual\u2019s right to vote.<br \/>\nThis House would force elected politicians and their families to use only public health and education services.<br \/>\nThis House believes that it is legitimate for states to deny residence or asylum to immigrants who openly contradict their predominant values.<\/p>\n<p><strong>Umwelt und Energie \/ Environmental Issues and Energy<\/strong><\/p>\n<p>Dieses Haus w\u00fcrde den Verzehr von Fleisch verbieten.<br \/>\nDieses Haus w\u00fcrde nichts gegen den Klimawandel unternehmen.<br \/>\nDieses Haus w\u00fcrde den Emissionshandel abschaffen.<br \/>\nDieses Haus w\u00fcrde den Artenschutz abschaffen.<br \/>\nDieses Haus w\u00fcrde eine Obergrenze f\u00fcr den Kraftstoffverbrauch bei Kraftfahrzeugen einf\u00fchren.<\/p>\n<p>This House believes that now is the time to abandon nuclear energy.<br \/>\nThis House would ban nuclear energy.<br \/>\nThis House believes that developing states should nationalize their energy resources.<\/p>\n<p><strong>Wirtschaft und Sozialsystem \/ Economy and Welfare<\/strong><\/p>\n<p>Dieses Haus w\u00fcrde die Pharmaindustrie verstaatlichen.<br \/>\nDieses Haus w\u00fcrde die Gesetzliche Rentenversicherung abschaffen und nur noch Arbeitsunf\u00e4higkeitsrente zahlen.<br \/>\nDieses Haus w\u00fcrde den Solidarit\u00e4tsbeitrag abschaffen.<br \/>\nDieses Haus w\u00fcrde die Krankenkassenbeitr\u00e4ge f\u00fcr Raucher erh\u00f6hen.<br \/>\nDieses Haus fordert ein bedingungsloses Grundeinkommen.<br \/>\nDieses Haus w\u00fcrde die Rente abschaffen.<br \/>\nDieses Haus w\u00fcrde Unternehmen verpflichten, 25% ihrer Aktien an Gewerkschaften zu verschenken.<br \/>\nDieses Haus w\u00fcrde Individuen zwingen, Privatverm\u00f6gen \u00fcber 2 Mio. \u20ac gemeinn\u00fctzigen Zwecken zu spenden.<strong><br \/>\n<\/strong>Dieses Haus w\u00fcrde alle staatlichen Theater und Museen an die private Wirtschaft verkaufen.<br \/>\nDieses Haus w\u00fcrde Steuer-CDs kaufen.<br \/>\nDieses Haus w\u00fcrde alte Menschen zu sozialvertr\u00e4glichem Fr\u00fchableben verpflichten.<\/p>\n<p>This House would introduce an international minimum wage.<br \/>\nThis House would impose an inheritance tax of 100%.<br \/>\nThis House would tie the salaries of executives to those of their lowest paid employees.<br \/>\nThis House would tax graduates to cover the costs of their education.<br \/>\nThis House supports the use of charity rather than state welfare system.<br \/>\nThis House would require people to work in return for welfare payments.<br \/>\nThis House would allow companies to refuse to hire smokers.<br \/>\nThis House believes that states should not compensate individuals who choose to live in disaster areas.<br \/>\nThis House would not allow strikes in essential services, such as education and medical care.<br \/>\nThis House believes that the state should not pay for university education.<br \/>\nThis House would create public housing for the poor in wealthy areas.<br \/>\nThis House would ban all speculation on food.<\/p>\n<p><strong>Nicht zugeordnet \/ Not assigned<\/strong><\/p>\n<p>Dieses Haus w\u00fcrde Alkohol und Tabak verbieten.<br \/>\nDieses Haus w\u00fcrde Marihuana legalisieren.<br \/>\nDieses Haus w\u00fcrde Gehirndoping verbieten.<br \/>\nDieses Haus w\u00fcrde Doping legalisieren.<br \/>\nDieses Haus w\u00fcrde eine Abgabe f\u00fcr \u00dcbergewicht einf\u00fchren.<br \/>\nDieses Haus w\u00fcrde das Copyright abschaffen.<br \/>\nSoll der 9. November deutscher Nationalfeiertag werden?<br \/>\nDieses Haus w\u00fcrde Prostitution als Ausbildungsberuf einf\u00fchren.<br \/>\nDieses Haus w\u00fcrde den \u00f6ffentlichen Nahverkehr kostenlos gestalten.<br \/>\nDieses Haus glaubt, Ehebrecher sollten keine hohen \u00f6ffentlichen \u00c4mter bekleiden d\u00fcrfen.<br \/>\nHalloween-Debatte: Dieses Haus w\u00fcrde den Muggeln alles erz\u00e4hlen.<br \/>\nDieses Haus findet, die Menschheit sollte nat\u00fcrliche Schwangerschaften aufgeben, wenn die technische M\u00f6glichkeit einer kompletten Schwangerschaft im Inkubator gegeben w\u00e4re.<br \/>\nDagobert Duck sollte sein halbes Verm\u00f6gen an Donald abgeben.<br \/>\nDieses Haus w\u00fcrde das Patentrecht abschaffen.<br \/>\nDieses Haus w\u00fcrde keine Agrarsubventionen zahlen.<br \/>\nDieses Haus ist Mogli und w\u00fcrde dem M\u00e4dchen nicht folgen.<br \/>\nDieses Haus w\u00fcrde Bordelle auf Milit\u00e4rbasen im Ausland einrichten.<br \/>\nDieses Haus w\u00fcrde der Basis jeder Partei das Recht geben, das Abstimmungsverhalten ihrer Abgeordneten zu bestimmen.<\/p>\n<p>This House would not continue space exploration.<br \/>\nThis House would legalize all forms of hate speech.<br \/>\nThis House would inform the public about an impending apocalypse.<br \/>\nThis House believes that Catholic priests should be allowed to marry.<br \/>\nThis House would ban the commercial use of neuroimaging.<br \/>\nThis House would introduce a fat tax.<br \/>\nThis House would not allow embedded journalists attached to military units in war zones.<br \/>\nThis House believes that sporting bodies should penalise teams when their players commit criminal acts off the field.<br \/>\nThis House would take cult members into psychiatric care.<br \/>\nThis House would ban cosmetic surgery.<br \/>\nThis House believes that the Indian government should ban marriages within the same caste.<br \/>\nThis House would abandon the German army.<br \/>\nThis House believes that the U.S. administration should publish all visual material relating to the death of Osama bin Laden.<br \/>\nThis House would allow polygamy.<br \/>\nThis House believes that the state should provide pedophiles with animated child pornography.<br \/>\nThis House would ban gambling.<br \/>\nThis House believes that film stars, music stars and other popular entertainers should not participate in political party campaigns.<\/p>\n<p align=\"center\">Seit Beginn des Jahres 2011 werden hier die Debatten-Themen ver\u00f6ffentlicht.<\/p>\n<p><!--:--><!--:en--><\/p>\n<p align=\"center\">\n<p><!--:--><\/p>\n","protected":false},"excerpt":{"rendered":"<p>&#8220;Dieses Haus w\u00fcrde\/glaubt&#8221; oder abgek\u00fcrzt &#8220;DHW\/DHG&#8221; sind \u00fcbliche Formulierungen in der Debattierszene und sollen nicht den Ausgang von Debatten innerhalb des Clubs repr\u00e4sentieren, sondern den Ansto\u00df zu einer Debatte liefern. Bioethik \/ Bioethics Dieses Haus w\u00fcrde \u00c4rzten erlauben, todkranken Patienten nicht zugelassene Medikamente zu verschreiben. Dieses Haus w\u00fcrde einen freien Markt f\u00fcr Babies einf\u00fchren. Dieses Haus w\u00fcrde Organspenden nur noch an Menschen vergeben, die sich ebenfalls zu einer Organspende bereit erkl\u00e4rt haben. Dieses Haus w\u00fcrde bei allen Menschen mittels eines&#8230;<\/p>\n<p class=\"read-more\"><a class=\"btn btn-default\" href=\"https:\/\/www.debatte.rwth-aachen.de\/wordpress\/debatt-2-0\/themen2-0\/\"> Read More<span class=\"screen-reader-text\">  Read More<\/span><\/a><\/p>\n","protected":false},"author":1,"featured_media":0,"parent":1214,"menu_order":3,"comment_status":"closed","ping_status":"closed","template":"","meta":{"footnotes":""},"class_list":["post-1218","page","type-page","status-publish","hentry"],"_links":{"self":[{"href":"https:\/\/www.debatte.rwth-aachen.de\/wordpress\/wp-json\/wp\/v2\/pages\/1218","targetHints":{"allow":["GET"]}}],"collection":[{"href":"https:\/\/www.debatte.rwth-aachen.de\/wordpress\/wp-json\/wp\/v2\/pages"}],"about":[{"href":"https:\/\/www.debatte.rwth-aachen.de\/wordpress\/wp-json\/wp\/v2\/types\/page"}],"author":[{"embeddable":true,"href":"https:\/\/www.debatte.rwth-aachen.de\/wordpress\/wp-json\/wp\/v2\/users\/1"}],"replies":[{"embeddable":true,"href":"https:\/\/www.debatte.rwth-aachen.de\/wordpress\/wp-json\/wp\/v2\/comments?post=1218"}],"version-history":[{"count":8,"href":"https:\/\/www.debatte.rwth-aachen.de\/wordpress\/wp-json\/wp\/v2\/pages\/1218\/revisions"}],"predecessor-version":[{"id":1592,"href":"https:\/\/www.debatte.rwth-aachen.de\/wordpress\/wp-json\/wp\/v2\/pages\/1218\/revisions\/1592"}],"up":[{"embeddable":true,"href":"https:\/\/www.debatte.rwth-aachen.de\/wordpress\/wp-json\/wp\/v2\/pages\/1214"}],"wp:attachment":[{"href":"https:\/\/www.debatte.rwth-aachen.de\/wordpress\/wp-json\/wp\/v2\/media?parent=1218"}],"curies":[{"name":"wp","href":"https:\/\/api.w.org\/{rel}","templated":true}]}}