{"id":7,"date":"2009-10-10T14:38:20","date_gmt":"2009-10-10T12:38:20","guid":{"rendered":"http:\/\/debattenaachen.wordpress.com\/?page_id=7"},"modified":"2025-05-07T20:37:41","modified_gmt":"2025-05-07T18:37:41","slug":"herzlich-willkommen","status":"publish","type":"page","link":"https:\/\/www.debatte.rwth-aachen.de\/wordpress\/","title":{"rendered":"Willkommen!"},"content":{"rendered":"\n<p class=\"has-text-align-left has-medium-font-size\"><em>Ausgiebige Diskussionen<\/em><br><em>Leidenschaftlicher Streit<\/em><br><em>Philosophie, Gesellschaft, Politik<\/em><\/p>\n\n\n\n<p style=\"font-size:18px\">Dinge, mit denen du etwas anfangen kannst? Dann komm zu uns!<\/p>\n\n\n\n<h3 class=\"wp-block-heading\">Was ist Debattieren?<\/h3>\n\n\n\n<p>Debattieren ist ein kompetitiver Team- und Denksport, der durch seinen Wettkampfcharakter politische, gesellschaftliche, selbst philosophische Themen zu spannenden Auseinandersetzungen werden l\u00e4sst. Wir debattieren nach einem festen <a href=\"https:\/\/www.debatte.rwth-aachen.de\/wordpress\/?page_id=1221\" data-type=\"page\" data-id=\"1221\">Format<\/a> und mit zugelosten Positionen. Dadurch entsteht ein freundschaftlicher, inhaltlicher und h\u00e4ufig auch lehrreicher Diskurs, der vor allem eines bringt: Spa\u00df! Und wem das nicht reicht, der kann in unseren w\u00f6chentlichen englischen Debatten eine weitere Herausforderung finden.<\/p>\n\n\n\n<h3 class=\"wp-block-heading\">Mitmachen<\/h3>\n\n\n\n<p>Du m\u00f6chtest mitmachen oder dir vielleicht auch erstmal nur eine Debatte anschauen? Dann komm gerne zu einem unserer w\u00f6chentlichen Termine (Zeiten und Location findest du rechts in der Sidebar oder weiter unten). Selbst wenn du noch nie was vom Debattieren geh\u00f6rt hast, bist du bei uns willkommen und wir werden dir alles Notwendige erkl\u00e4ren!<\/p>\n\n\n\n<p>Du m\u00f6chtest noch mehr \u00fcbers Debattieren erfahren? Mehr Infos findest du in unserer <a href=\"https:\/\/www.debatte.rwth-aachen.de\/wordpress\/wp-content\/uploads\/manual.pdf\" data-type=\"link\" data-id=\"https:\/\/www.debatte.rwth-aachen.de\/wordpress\/wp-content\/uploads\/manual.pdf\">Kurzanleitung<\/a>.<\/p>\n\n\n\n<p>Du hast noch Fragen? Dann schreib uns gerne eine Mail an <a href=\"mailto:debating@rwth-aachen.de\">debating@rwth-aachen.de<\/a>.<\/p>\n","protected":false},"excerpt":{"rendered":"<p>Ausgiebige DiskussionenLeidenschaftlicher StreitPhilosophie, Gesellschaft, Politik Dinge, mit denen du etwas anfangen kannst? Dann komm zu uns! Was ist Debattieren? Debattieren ist ein kompetitiver Team- und Denksport, der durch seinen Wettkampfcharakter politische, gesellschaftliche, selbst philosophische Themen zu spannenden Auseinandersetzungen werden l\u00e4sst. Wir debattieren nach einem festen Format und mit zugelosten Positionen. Dadurch entsteht ein freundschaftlicher, inhaltlicher und h\u00e4ufig auch lehrreicher Diskurs, der vor allem eines bringt: Spa\u00df! Und wem das nicht reicht, der kann in unseren w\u00f6chentlichen englischen Debatten eine weitere&#8230;<\/p>\n<p class=\"read-more\"><a class=\"btn btn-default\" href=\"https:\/\/www.debatte.rwth-aachen.de\/wordpress\/\"> Read More<span class=\"screen-reader-text\">  Read More<\/span><\/a><\/p>\n","protected":false},"author":1,"featured_media":0,"parent":0,"menu_order":0,"comment_status":"closed","ping_status":"closed","template":"","meta":{"footnotes":""},"class_list":["post-7","page","type-page","status-publish","hentry"],"_links":{"self":[{"href":"https:\/\/www.debatte.rwth-aachen.de\/wordpress\/wp-json\/wp\/v2\/pages\/7","targetHints":{"allow":["GET"]}}],"collection":[{"href":"https:\/\/www.debatte.rwth-aachen.de\/wordpress\/wp-json\/wp\/v2\/pages"}],"about":[{"href":"https:\/\/www.debatte.rwth-aachen.de\/wordpress\/wp-json\/wp\/v2\/types\/page"}],"author":[{"embeddable":true,"href":"https:\/\/www.debatte.rwth-aachen.de\/wordpress\/wp-json\/wp\/v2\/users\/1"}],"replies":[{"embeddable":true,"href":"https:\/\/www.debatte.rwth-aachen.de\/wordpress\/wp-json\/wp\/v2\/comments?post=7"}],"version-history":[{"count":82,"href":"https:\/\/www.debatte.rwth-aachen.de\/wordpress\/wp-json\/wp\/v2\/pages\/7\/revisions"}],"predecessor-version":[{"id":1755,"href":"https:\/\/www.debatte.rwth-aachen.de\/wordpress\/wp-json\/wp\/v2\/pages\/7\/revisions\/1755"}],"wp:attachment":[{"href":"https:\/\/www.debatte.rwth-aachen.de\/wordpress\/wp-json\/wp\/v2\/media?parent=7"}],"curies":[{"name":"wp","href":"https:\/\/api.w.org\/{rel}","templated":true}]}}